{"id":19,"date":"2023-05-10T19:29:41","date_gmt":"2023-05-10T19:29:41","guid":{"rendered":"https:\/\/nadirmersa.com\/wishlist\/"},"modified":"2023-07-23T16:24:14","modified_gmt":"2023-07-23T15:24:14","slug":"wishlist","status":"publish","type":"page","link":"https:\/\/nadirmersa.com\/ar\/wishlist\/","title":{"rendered":"Pr\u00e9f\u00e9r\u00e9"},"content":{"rendered":"<p>[yith_wcwl_wishlist]<\/p>","protected":false},"excerpt":{"rendered":"","protected":false},"author":1,"featured_media":0,"parent":0,"menu_order":0,"comment_status":"closed","ping_status":"closed","template":"","meta":{"footnotes":""},"class_list":["post-19","page","type-page","status-publish","hentry"],"blocksy_meta":[],"jetpack_sharing_enabled":true,"_links":{"self":[{"href":"https:\/\/nadirmersa.com\/ar\/wp-json\/wp\/v2\/pages\/19","targetHints":{"allow":["GET"]}}],"collection":[{"href":"https:\/\/nadirmersa.com\/ar\/wp-json\/wp\/v2\/pages"}],"about":[{"href":"https:\/\/nadirmersa.com\/ar\/wp-json\/wp\/v2\/types\/page"}],"author":[{"embeddable":true,"href":"https:\/\/nadirmersa.com\/ar\/wp-json\/wp\/v2\/users\/1"}],"replies":[{"embeddable":true,"href":"https:\/\/nadirmersa.com\/ar\/wp-json\/wp\/v2\/comments?post=19"}],"version-history":[{"count":3,"href":"https:\/\/nadirmersa.com\/ar\/wp-json\/wp\/v2\/pages\/19\/revisions"}],"predecessor-version":[{"id":3191,"href":"https:\/\/nadirmersa.com\/ar\/wp-json\/wp\/v2\/pages\/19\/revisions\/3191"}],"wp:attachment":[{"href":"https:\/\/nadirmersa.com\/ar\/wp-json\/wp\/v2\/media?parent=19"}],"curies":[{"name":"wp","href":"https:\/\/api.w.org\/{rel}","templated":true}]}}